{"id":90,"date":"2026-03-06T15:51:28","date_gmt":"2026-03-06T15:51:28","guid":{"rendered":"https:\/\/dunavskoogledalo.com\/?page_id=90"},"modified":"2026-03-06T20:21:41","modified_gmt":"2026-03-06T20:21:41","slug":"%d0%b4%d1%83%d0%bd%d0%b0%d0%b2%d1%81%d0%ba%d0%be-%d0%be%d0%b3%d0%bb%d0%b5%d0%b4%d0%b0%d0%bb%d0%be","status":"publish","type":"page","link":"https:\/\/dunavskoogledalo.com\/?page_id=90","title":{"rendered":"Dunavsko ogledalo"},"content":{"rendered":"\n<figure class=\"wp-block-image size-large\"><img loading=\"lazy\" decoding=\"async\" width=\"1024\" height=\"683\" src=\"https:\/\/dunavskoogledalo.com\/wp-content\/uploads\/2026\/03\/ChatGPT-Image-6.-\u043c\u0430\u0440-2026.-21_18_43-1024x683.png\" alt=\"\" class=\"wp-image-179\" srcset=\"https:\/\/dunavskoogledalo.com\/wp-content\/uploads\/2026\/03\/ChatGPT-Image-6.-\u043c\u0430\u0440-2026.-21_18_43-1024x683.png 1024w, https:\/\/dunavskoogledalo.com\/wp-content\/uploads\/2026\/03\/ChatGPT-Image-6.-\u043c\u0430\u0440-2026.-21_18_43-300x200.png 300w, https:\/\/dunavskoogledalo.com\/wp-content\/uploads\/2026\/03\/ChatGPT-Image-6.-\u043c\u0430\u0440-2026.-21_18_43-768x512.png 768w, https:\/\/dunavskoogledalo.com\/wp-content\/uploads\/2026\/03\/ChatGPT-Image-6.-\u043c\u0430\u0440-2026.-21_18_43.png 1536w\" sizes=\"auto, (max-width: 1024px) 100vw, 1024px\" \/><\/figure>\n\n\n\n<p>Postoje gradovi koji \u017eive pored reke, i postoje gradovi koji se u njoj ogledaju.<\/p>\n\n\n\n<p>Zemun je jedan od njih.<\/p>\n\n\n\n<p>Dunavsko ogledalo je mesto posve\u0107eno pri\u010dama, slikama i se\u0107anjima nastalim na obalama Dunava i Save. To su zapisi o ljudima koji \u017eive sa rekom \u2014 alasima, \u0161eta\u010dima, pesnicima i svim onim tihim posmatra\u010dima koji u talasima vide vi\u0161e od prolazne vode.<\/p>\n\n\n\n<p>Ovde se susre\u0107u fotografija, slika i re\u010d, poku\u0161avaju\u0107i da zabele\u017ee trenutke koji \u010desto promaknu u\u017eurbanom gradu \u2014 jutra nad Dunavom, let galebova, \u0161um vrbaka i pri\u010de koje reka nosi sa sobom.<\/p>\n\n\n\n<p>Dunavsko ogledalo je mali poku\u0161aj da se sa\u010duva lepota jednog prostora i \u017eivota koji polako nestaje, ali i dalje traje u ti\u0161ini reke.<\/p>\n\n\n\n<p><\/p>\n\n\n\n<p>Miroslav Lj. Rankovi\u0107<\/p>\n\n\n\n<p>Autor projekta Dunavsko ogledalo<\/p>\n\n\n<div class=\"wp-block-image\">\n<figure class=\"alignright size-full is-resized\"><img loading=\"lazy\" decoding=\"async\" width=\"1024\" height=\"1024\" src=\"https:\/\/dunavskoogledalo.com\/wp-content\/uploads\/2026\/03\/Logo-DO-copy.jpg\" alt=\"\" class=\"wp-image-173\" style=\"width:150px\" srcset=\"https:\/\/dunavskoogledalo.com\/wp-content\/uploads\/2026\/03\/Logo-DO-copy.jpg 1024w, https:\/\/dunavskoogledalo.com\/wp-content\/uploads\/2026\/03\/Logo-DO-copy-300x300.jpg 300w, https:\/\/dunavskoogledalo.com\/wp-content\/uploads\/2026\/03\/Logo-DO-copy-150x150.jpg 150w, https:\/\/dunavskoogledalo.com\/wp-content\/uploads\/2026\/03\/Logo-DO-copy-768x768.jpg 768w\" sizes=\"auto, (max-width: 1024px) 100vw, 1024px\" \/><\/figure>\n<\/div>","protected":false},"excerpt":{"rendered":"<p>Postoje gradovi koji \u017eive pored reke, i postoje gradovi koji se u njoj ogledaju. Zemun je jedan od njih. Dunavsko ogledalo je mesto posve\u0107eno pri\u010dama, slikama i se\u0107anjima nastalim na obalama Dunava i Save. To su zapisi o ljudima koji \u017eive sa rekom \u2014 alasima, \u0161eta\u010dima, pesnicima i svim onim tihim posmatra\u010dima koji u talasima&#8230;<\/p>\n","protected":false},"author":1,"featured_media":91,"parent":44,"menu_order":0,"comment_status":"closed","ping_status":"closed","template":"","meta":{"_kad_post_transparent":"","_kad_post_title":"","_kad_post_layout":"","_kad_post_sidebar_id":"","_kad_post_content_style":"","_kad_post_vertical_padding":"","_kad_post_feature":"","_kad_post_feature_position":"","_kad_post_header":false,"_kad_post_footer":false,"_kad_post_classname":"","footnotes":""},"class_list":["post-90","page","type-page","status-publish","has-post-thumbnail","hentry"],"_links":{"self":[{"href":"https:\/\/dunavskoogledalo.com\/index.php?rest_route=\/wp\/v2\/pages\/90","targetHints":{"allow":["GET"]}}],"collection":[{"href":"https:\/\/dunavskoogledalo.com\/index.php?rest_route=\/wp\/v2\/pages"}],"about":[{"href":"https:\/\/dunavskoogledalo.com\/index.php?rest_route=\/wp\/v2\/types\/page"}],"author":[{"embeddable":true,"href":"https:\/\/dunavskoogledalo.com\/index.php?rest_route=\/wp\/v2\/users\/1"}],"replies":[{"embeddable":true,"href":"https:\/\/dunavskoogledalo.com\/index.php?rest_route=%2Fwp%2Fv2%2Fcomments&post=90"}],"version-history":[{"count":6,"href":"https:\/\/dunavskoogledalo.com\/index.php?rest_route=\/wp\/v2\/pages\/90\/revisions"}],"predecessor-version":[{"id":180,"href":"https:\/\/dunavskoogledalo.com\/index.php?rest_route=\/wp\/v2\/pages\/90\/revisions\/180"}],"up":[{"embeddable":true,"href":"https:\/\/dunavskoogledalo.com\/index.php?rest_route=\/wp\/v2\/pages\/44"}],"wp:featuredmedia":[{"embeddable":true,"href":"https:\/\/dunavskoogledalo.com\/index.php?rest_route=\/wp\/v2\/media\/91"}],"wp:attachment":[{"href":"https:\/\/dunavskoogledalo.com\/index.php?rest_route=%2Fwp%2Fv2%2Fmedia&parent=90"}],"curies":[{"name":"wp","href":"https:\/\/api.w.org\/{rel}","templated":true}]}}