{"id":44,"date":"2026-03-06T13:21:04","date_gmt":"2026-03-06T13:21:04","guid":{"rendered":"https:\/\/dunavskoogledalo.com\/?page_id=44"},"modified":"2026-03-07T09:36:31","modified_gmt":"2026-03-07T09:36:31","slug":"44-2","status":"publish","type":"page","link":"https:\/\/dunavskoogledalo.com\/","title":{"rendered":"DOBRO DO\u0160LI!"},"content":{"rendered":"\n<div class=\"wp-block-cover is-light\" style=\"min-height:626px;aspect-ratio:unset;\"><img loading=\"lazy\" decoding=\"async\" width=\"1024\" height=\"683\" class=\"wp-block-cover__image-background wp-image-15 size-large\" alt=\"\" src=\"https:\/\/dunavskoogledalo.com\/wp-content\/uploads\/2026\/03\/Zemun-Gardos-1-1024x683.jpg\" data-object-fit=\"cover\" srcset=\"https:\/\/dunavskoogledalo.com\/wp-content\/uploads\/2026\/03\/Zemun-Gardos-1-1024x683.jpg 1024w, https:\/\/dunavskoogledalo.com\/wp-content\/uploads\/2026\/03\/Zemun-Gardos-1-300x200.jpg 300w, https:\/\/dunavskoogledalo.com\/wp-content\/uploads\/2026\/03\/Zemun-Gardos-1-768x512.jpg 768w, https:\/\/dunavskoogledalo.com\/wp-content\/uploads\/2026\/03\/Zemun-Gardos-1-1536x1024.jpg 1536w, https:\/\/dunavskoogledalo.com\/wp-content\/uploads\/2026\/03\/Zemun-Gardos-1-2048x1365.jpg 2048w\" sizes=\"auto, (max-width: 1024px) 100vw, 1024px\" \/><span aria-hidden=\"true\" class=\"wp-block-cover__background has-background-dim\" style=\"background-color:#cac5be\"><\/span><div class=\"wp-block-cover__inner-container is-layout-flow wp-block-cover-is-layout-flow\">\n<p class=\"has-text-align-center has-large-font-size\">DUNAVSKO OGLEDALO<\/p>\n\n\n\n<p class=\"has-text-align-center\">Pri\u010de i svetlopisi sa obala Dunava<\/p>\n<\/div><\/div>\n\n\n\n<p><\/p>\n\n\n\n<p class=\"has-text-align-center\"><em>Dunav je vi\u0161e od reke. On je ogledalo gradova, se\u0107anja i susreta. Na ovom mestu sabrane su pri\u010de, fotografije i akvareli nastali na njegovim obalama.<\/em><\/p>\n\n\n\n<ul class=\"wp-block-list\">\n<li><\/li>\n<\/ul>\n\n\n<div class=\"wp-block-post-date\"><time datetime=\"2026-03-06T13:21:04+00:00\">March 6, 2026<\/time><\/div>\n\n<div class=\"wp-block-image\">\n<figure class=\"alignright size-full is-resized\"><img loading=\"lazy\" decoding=\"async\" width=\"1024\" height=\"1024\" src=\"https:\/\/dunavskoogledalo.com\/wp-content\/uploads\/2026\/03\/Logo-DO-copy.jpg\" alt=\"\" class=\"wp-image-173\" style=\"width:150px\" srcset=\"https:\/\/dunavskoogledalo.com\/wp-content\/uploads\/2026\/03\/Logo-DO-copy.jpg 1024w, https:\/\/dunavskoogledalo.com\/wp-content\/uploads\/2026\/03\/Logo-DO-copy-300x300.jpg 300w, https:\/\/dunavskoogledalo.com\/wp-content\/uploads\/2026\/03\/Logo-DO-copy-150x150.jpg 150w, https:\/\/dunavskoogledalo.com\/wp-content\/uploads\/2026\/03\/Logo-DO-copy-768x768.jpg 768w\" sizes=\"auto, (max-width: 1024px) 100vw, 1024px\" \/><\/figure>\n<\/div>","protected":false},"excerpt":{"rendered":"<p>Dunav je vi\u0161e od reke. On je ogledalo gradova, se\u0107anja i susreta. Na ovom mestu sabrane su pri\u010de, fotografije i akvareli nastali na njegovim obalama.<\/p>\n","protected":false},"author":1,"featured_media":0,"parent":0,"menu_order":0,"comment_status":"closed","ping_status":"closed","template":"","meta":{"_kad_post_transparent":"","_kad_post_title":"","_kad_post_layout":"","_kad_post_sidebar_id":"","_kad_post_content_style":"","_kad_post_vertical_padding":"","_kad_post_feature":"","_kad_post_feature_position":"","_kad_post_header":false,"_kad_post_footer":false,"_kad_post_classname":"","footnotes":""},"class_list":["post-44","page","type-page","status-publish","hentry"],"_links":{"self":[{"href":"https:\/\/dunavskoogledalo.com\/index.php?rest_route=\/wp\/v2\/pages\/44","targetHints":{"allow":["GET"]}}],"collection":[{"href":"https:\/\/dunavskoogledalo.com\/index.php?rest_route=\/wp\/v2\/pages"}],"about":[{"href":"https:\/\/dunavskoogledalo.com\/index.php?rest_route=\/wp\/v2\/types\/page"}],"author":[{"embeddable":true,"href":"https:\/\/dunavskoogledalo.com\/index.php?rest_route=\/wp\/v2\/users\/1"}],"replies":[{"embeddable":true,"href":"https:\/\/dunavskoogledalo.com\/index.php?rest_route=%2Fwp%2Fv2%2Fcomments&post=44"}],"version-history":[{"count":44,"href":"https:\/\/dunavskoogledalo.com\/index.php?rest_route=\/wp\/v2\/pages\/44\/revisions"}],"predecessor-version":[{"id":212,"href":"https:\/\/dunavskoogledalo.com\/index.php?rest_route=\/wp\/v2\/pages\/44\/revisions\/212"}],"wp:attachment":[{"href":"https:\/\/dunavskoogledalo.com\/index.php?rest_route=%2Fwp%2Fv2%2Fmedia&parent=44"}],"curies":[{"name":"wp","href":"https:\/\/api.w.org\/{rel}","templated":true}]}}